{"id":77,"date":"2016-11-22T04:55:43","date_gmt":"2016-11-22T04:55:43","guid":{"rendered":"https:\/\/ninetheme.com\/themes\/minfox\/?page_id=77"},"modified":"2026-03-08T14:00:37","modified_gmt":"2026-03-08T18:00:37","slug":"home-6","status":"publish","type":"page","link":"https:\/\/rupailaf.cl\/","title":{"rendered":"Roxana Miranda Rupailaf"},"content":{"rendered":"<section class=\"wpb-content-wrapper\"><p>[vc_row][vc_column]<!-- Section Minfox --><section id=\"home\" class=\"minfox-bg vc_custom_1772994811250\"><div class=\"cta text-center\"><span class=\"minfox wow none\" data-wow-delay=\".2s\">Roxana Miranda Rupailaf<\/span><h2 class=\"wow none\" data-wow-delay=\".4s\">Atravesando el Mar<\/h2><a href=\"https:\/\/vimeo.com\/84896309\" class=\"hero-video-wrap\"><div class=\"minfox-video\"><span class=\"play-button\"><i class=\"fa fa-play\" aria-hidden=\"true\"><\/i><\/span><img src=\"https:\/\/rupailaf.cl\/wp-content\/uploads\/2026\/03\/sangrate-agua-1024x512-1.png\" alt=\"minfox-video\" \/><\/div><\/a><\/div><\/section><!-- Section Minfox end -->[\/vc_column][\/vc_row][vc_row][vc_column css_animation=&#8221;none&#8221;]<!-- Section About --><section id=\"about\" class=\"intro bg-about\"><div class=\"container\"><div class=\"row\"><div class=\"section-minfox text-center\"><p class=\"wow fadeInUp\" data-wow-delay=\".2s\">Bio<\/p><h2 class=\"wow fadeInUp\" data-wow-delay=\".4s\">Poeta Mapuche-Huilliche<\/h2><\/div><!-- Text --><div class=\"about text-center wow fadeInUp\" data-wow-delay=\".6s\"><p>Nacida en Osorno - Los Lagos - Chile en el a\u00f1o 1982.<\/p><\/div><!-- Image --><div class=\"text-center wow fadeInUp\" data-wow-delay=\".4s\"><img src=\"https:\/\/rupailaf.cl\/wp-content\/uploads\/2023\/04\/Roxana-Miranda-Rupailaf-001.jpg\" alt=\"intro\" \/><\/div>\t<\/div><\/div><\/section><!-- Section About end -->[vc_empty_space][vc_icon icon_fontawesome=&#8221;fab fa-instagram&#8221; color=&#8221;white&#8221; background_style=&#8221;rounded&#8221; background_color=&#8221;turquoise&#8221; size=&#8221;lg&#8221; align=&#8221;center&#8221; css_animation=&#8221;fadeInLeft&#8221; link=&#8221;url:https%3A%2F%2Fwww.instagram.com%2Froxanamiranda353|target:_blank&#8221;][vc_icon icon_fontawesome=&#8221;fab fa-facebook-f&#8221; color=&#8221;white&#8221; background_style=&#8221;rounded&#8221; background_color=&#8221;turquoise&#8221; size=&#8221;lg&#8221; align=&#8221;center&#8221; css_animation=&#8221;fadeInRight&#8221; link=&#8221;url:https%3A%2F%2Fwww.facebook.com%2Froxana.rupailaf|target:_blank&#8221;][\/vc_column][\/vc_row][vc_row css=&#8221;.vc_custom_1681662553093{background-color: #ffffff !important;}&#8221;][vc_column][vc_empty_space][vc_column_text css_animation=&#8221;none&#8221; css=&#8221;.vc_custom_1681928812922{margin-right: 10px !important;margin-left: 10px !important;border-right-width: 10px !important;border-left-width: 10px !important;padding-right: 10px !important;padding-left: 10px !important;}&#8221;]<\/p>\n<p style=\"text-align: left;\"><strong>Profesora de Lengua Castellana y Comunicaci\u00f3n de la Universidad de Los Lagos, Chile.<\/strong><\/p>\n<p style=\"text-align: left;\"><strong>Mag\u00edster en Literatura Hispanoamericana Contempor\u00e1nea de la Universidad Austral.<\/strong><\/p>\n<p style=\"text-align: left;\"><strong>El a\u00f1o 2006 y el 2008 obtuvo la Beca para escritores del Consejo Nacional del Libro y la Lectura por el libro in\u00e9dito Seducci\u00f3n de los venenos e Invocaci\u00f3n al Shumpall, respectivamente.<\/strong><\/p>\n<p style=\"text-align: left;\"><strong>En 2012 recibi\u00f3 el Premio Municipal de Literatura de Santiago por Shumpall (Del Aire Editores, 2011).<\/strong><\/p>\n<p style=\"text-align: left;\"><strong>Ha publicado Las tentaciones de Eva (Chile, 2003), Seducci\u00f3n de los venenos (LOM Ediciones, Chile, 2008) Shumpall (Del Aire Editores, Chile, 2011) reeditado el 2018 por Pehuen Editores, Chile. Kopuke Filu (Pakarina, Per\u00fa, 2017),Trewa Ko (Del Aire Editores, Chile, 2017), Zewp\u00e9 Mapu (Aparte, 2021) y Kewakafe (Provincianos, 2022).<\/strong><\/p>\n<p style=\"text-align: left;\"><strong>El escritor H\u00e9ctor Hern\u00e1ndez se\u00f1ala de la obra de Rupailaf lo siguiente:<\/strong><br \/>\n<strong>\u201cDesde el primer libro de Roxana Miranda Rupailaf hasta hoy ha emprendido un proyecto que apela al inconsciente de las aguas, la sangre, el veneno, los fluidos y el mar como si fueran un mismo elemento y en ellos ha encontrado un eco ante la extinci\u00f3n.<\/strong><\/p>\n<p style=\"text-align: left;\"><strong>No se trata solo de un canto profundo y poderoso sino de un di\u00e1logo total que va desde el propio cuerpo como accidente geogr\u00e1fico hasta una teor\u00eda de la violencia emplazada desde una pregunta por el deseo de vida y el de muerte.<\/strong><\/p>\n<p style=\"text-align: left;\"><strong>Estas dos d\u00e9cadas de escritura la sit\u00faan como una de las voces m\u00e1s importantes de la poes\u00eda chilena en el siglo XXI y, en efecto, Shumpall es ya uno de los primeros cl\u00e1sicos contempor\u00e1neos\u201d.<\/strong><\/p>\n<p>[\/vc_column_text]<!-- Section Features --><section id=\"publi\" class=\"features gray\"><div class=\"section-header\"><h2 class=\"wow none\" data-wow-delay=\".2s\">PUBLICACIONES<\/h2><\/div><div class=\"container\"><div class=\"row\"><div class=\"col-md-2 col-sm-6 col-xs-12 item text-center wow fadeInUp\" data-wow-delay=\"0.2s\"><div class=\"icon-wrap\"><a href=\"https:\/\/rupailaf.cl\/index.php\/2023\/04\/15\/kewakafe\/\" title=\"Kewakafe\" target=\"\"><img width=\"402\" height=\"562\" src=\"https:\/\/rupailaf.cl\/wp-content\/uploads\/2023\/04\/Roxana-Miranda-Rupailaf-014.jpg\" class=\"attachment-full size-full\" alt=\"\" decoding=\"async\" loading=\"lazy\" srcset=\"https:\/\/rupailaf.cl\/wp-content\/uploads\/2023\/04\/Roxana-Miranda-Rupailaf-014.jpg 402w, https:\/\/rupailaf.cl\/wp-content\/uploads\/2023\/04\/Roxana-Miranda-Rupailaf-014-215x300.jpg 215w\" sizes=\"(max-width: 402px) 100vw, 402px\" \/><\/a><\/div><div class=\"description\"><a href=\"https:\/\/rupailaf.cl\/index.php\/2023\/04\/15\/kewakafe\/\" title=\"Kewakafe\" target=\"\"><h3>Kewakafe<\/h3><\/a><p>(2022)<\/p><\/div><\/div><div class=\"col-md-2 col-sm-6 col-xs-12 item text-center wow fadeInUp\" data-wow-delay=\"0.4s\"><div class=\"icon-wrap\"><a href=\"https:\/\/rupailaf.cl\/index.php\/2023\/04\/15\/trewako\/\" title=\"Trewako\" target=\"\"><img width=\"411\" height=\"560\" src=\"https:\/\/rupailaf.cl\/wp-content\/uploads\/2023\/04\/Roxana-Miranda-Rupailaf-013.jpg\" class=\"attachment-full size-full\" alt=\"\" decoding=\"async\" loading=\"lazy\" srcset=\"https:\/\/rupailaf.cl\/wp-content\/uploads\/2023\/04\/Roxana-Miranda-Rupailaf-013.jpg 411w, https:\/\/rupailaf.cl\/wp-content\/uploads\/2023\/04\/Roxana-Miranda-Rupailaf-013-220x300.jpg 220w\" sizes=\"(max-width: 411px) 100vw, 411px\" \/><\/a><\/div><div class=\"description\"><a href=\"https:\/\/rupailaf.cl\/index.php\/2023\/04\/15\/trewako\/\" title=\"Trewako\" target=\"\"><h3>Trewako<\/h3><\/a><p>(2018)<\/p><\/div><\/div><div class=\"col-md-2 col-sm-6 col-xs-12 item text-center wow fadeInUp\" data-wow-delay=\"0.6s\"><div class=\"icon-wrap\"><a href=\"https:\/\/rupailaf.cl\/index.php\/2023\/04\/15\/shumpall\/\" title=\"Shumpall\" target=\"\"><img width=\"418\" height=\"574\" src=\"https:\/\/rupailaf.cl\/wp-content\/uploads\/2023\/04\/Roxana-Miranda-Rupailaf-012.jpg\" class=\"attachment-full size-full\" alt=\"\" decoding=\"async\" loading=\"lazy\" srcset=\"https:\/\/rupailaf.cl\/wp-content\/uploads\/2023\/04\/Roxana-Miranda-Rupailaf-012.jpg 418w, https:\/\/rupailaf.cl\/wp-content\/uploads\/2023\/04\/Roxana-Miranda-Rupailaf-012-218x300.jpg 218w\" sizes=\"(max-width: 418px) 100vw, 418px\" \/><\/a><\/div><div class=\"description\"><a href=\"https:\/\/rupailaf.cl\/index.php\/2023\/04\/15\/shumpall\/\" title=\"Shumpall\" target=\"\"><h3>Shumpall Segunda Edicion<\/h3><\/a><p>(2018)<\/p><\/div><\/div><div class=\"col-md-2 col-sm-6 col-xs-12 item text-center wow fadeInUp\" data-wow-delay=\"0.8s\"><div class=\"icon-wrap\"><a href=\"https:\/\/rupailaf.cl\/index.php\/2023\/04\/15\/shumpall\/\" title=\"Shumpall\" target=\"\"><img width=\"277\" height=\"367\" src=\"https:\/\/rupailaf.cl\/wp-content\/uploads\/2023\/04\/Roxana-Miranda-Rupailaf-008.jpg\" class=\"attachment-full size-full\" alt=\"\" decoding=\"async\" loading=\"lazy\" srcset=\"https:\/\/rupailaf.cl\/wp-content\/uploads\/2023\/04\/Roxana-Miranda-Rupailaf-008.jpg 277w, https:\/\/rupailaf.cl\/wp-content\/uploads\/2023\/04\/Roxana-Miranda-Rupailaf-008-226x300.jpg 226w\" sizes=\"(max-width: 277px) 100vw, 277px\" \/><\/a><\/div><div class=\"description\"><a href=\"https:\/\/rupailaf.cl\/index.php\/2023\/04\/15\/shumpall\/\" title=\"Shumpall\" target=\"\"><h3>SHUMPALL<\/h3><\/a><p>(2011)<\/p><\/div><\/div><div class=\"col-md-2 col-sm-6 col-xs-12 item text-center wow fadeInUp\" data-wow-delay=\"1s\"><div class=\"icon-wrap\"><a href=\"https:\/\/rupailaf.cl\/index.php\/2023\/04\/15\/shumpall\/\" title=\"Shumpall\" target=\"\"><img width=\"420\" height=\"280\" src=\"https:\/\/rupailaf.cl\/wp-content\/uploads\/2023\/04\/Roxana-Miranda-Rupailaf-011.jpg\" class=\"attachment-full size-full\" alt=\"\" decoding=\"async\" loading=\"lazy\" srcset=\"https:\/\/rupailaf.cl\/wp-content\/uploads\/2023\/04\/Roxana-Miranda-Rupailaf-011.jpg 420w, https:\/\/rupailaf.cl\/wp-content\/uploads\/2023\/04\/Roxana-Miranda-Rupailaf-011-300x200.jpg 300w\" sizes=\"(max-width: 420px) 100vw, 420px\" \/><\/a><\/div><div class=\"description\"><a href=\"https:\/\/rupailaf.cl\/index.php\/2023\/04\/15\/shumpall\/\" title=\"Shumpall\" target=\"\"><h3>Segunda edici\u00f3n de Shumpall Edici\u00f3n Cartonera Santa Muerte <\/h3><\/a><p>M\u00e9xico (a\u00f1o 2009)<\/p><\/div><\/div><div class=\"col-md-2 col-sm-6 col-xs-12 item text-center wow fadeInUp\" data-wow-delay=\"1.2s\"><div class=\"icon-wrap\"><a href=\"https:\/\/rupailaf.cl\/index.php\/2023\/04\/15\/shumpall\/\" title=\"Shumpall\" target=\"\"><img width=\"423\" height=\"277\" src=\"https:\/\/rupailaf.cl\/wp-content\/uploads\/2023\/04\/Roxana-Miranda-Rupailaf-010.jpg\" class=\"attachment-full size-full\" alt=\"\" decoding=\"async\" loading=\"lazy\" srcset=\"https:\/\/rupailaf.cl\/wp-content\/uploads\/2023\/04\/Roxana-Miranda-Rupailaf-010.jpg 423w, https:\/\/rupailaf.cl\/wp-content\/uploads\/2023\/04\/Roxana-Miranda-Rupailaf-010-300x196.jpg 300w\" sizes=\"(max-width: 423px) 100vw, 423px\" \/><\/a><\/div><div class=\"description\"><a href=\"https:\/\/rupailaf.cl\/index.php\/2023\/04\/15\/shumpall\/\" title=\"Shumpall\" target=\"\"><h3>Primera edici\u00f3n cartonera del libro Shumpall en M\u00e9xico<\/h3><\/a><p>Editorial Santa Muerte (a\u00f1o 2009)<\/p><\/div><\/div><div class=\"col-md-2 col-sm-6 col-xs-12 item text-center wow fadeInUp\" data-wow-delay=\"1.4s\"><div class=\"icon-wrap\"><a href=\"https:\/\/rupailaf.cl\/index.php\/2023\/04\/15\/seduccion-de-los-venenos-2008\/\" title=\"Seduccion de Los Venenos (2008)\" target=\"\"><img width=\"379\" height=\"497\" src=\"https:\/\/rupailaf.cl\/wp-content\/uploads\/2023\/04\/Roxana-Miranda-Rupailaf-006.jpg\" class=\"attachment-full size-full\" alt=\"\" decoding=\"async\" loading=\"lazy\" srcset=\"https:\/\/rupailaf.cl\/wp-content\/uploads\/2023\/04\/Roxana-Miranda-Rupailaf-006.jpg 379w, https:\/\/rupailaf.cl\/wp-content\/uploads\/2023\/04\/Roxana-Miranda-Rupailaf-006-229x300.jpg 229w\" sizes=\"(max-width: 379px) 100vw, 379px\" \/><\/a><\/div><div class=\"description\"><a href=\"https:\/\/rupailaf.cl\/index.php\/2023\/04\/15\/seduccion-de-los-venenos-2008\/\" title=\"Seduccion de Los Venenos (2008)\" target=\"\"><h3>SEDUCCI\u00d3N DE LOS VENENOS<\/h3><\/a><p>(2008)<\/p><\/div><\/div><div class=\"col-md-2 col-sm-6 col-xs-12 item text-center wow fadeInUp\" data-wow-delay=\"1.6s\"><div class=\"icon-wrap\"><a href=\"https:\/\/rupailaf.cl\/index.php\/2023\/04\/15\/las-tentaciones-de-eva-2010\/\" title=\"Ver Mas ...\" target=\"\"><img width=\"442\" height=\"295\" src=\"https:\/\/rupailaf.cl\/wp-content\/uploads\/2023\/04\/Roxana-Miranda-Rupailaf-005.jpg\" class=\"attachment-full size-full\" alt=\"\" decoding=\"async\" loading=\"lazy\" srcset=\"https:\/\/rupailaf.cl\/wp-content\/uploads\/2023\/04\/Roxana-Miranda-Rupailaf-005.jpg 442w, https:\/\/rupailaf.cl\/wp-content\/uploads\/2023\/04\/Roxana-Miranda-Rupailaf-005-300x200.jpg 300w\" sizes=\"(max-width: 442px) 100vw, 442px\" \/><\/a><\/div><div class=\"description\"><a href=\"https:\/\/rupailaf.cl\/index.php\/2023\/04\/15\/las-tentaciones-de-eva-2010\/\" title=\"Ver Mas ...\" target=\"\"><h3>LAS TENTACIONES DE EVA (REEDICION)<\/h3><\/a><p>(2010)<\/p><\/div><\/div><div class=\"col-md-2 col-sm-6 col-xs-12 item text-center wow fadeInUp\" data-wow-delay=\"1.8s\"><div class=\"icon-wrap\"><a href=\"https:\/\/rupailaf.cl\/index.php\/2023\/04\/15\/las-tentaciones-de-eva-2003\/\" title=\"Las Tentaciones de Eva (2003)\" target=\"\"><img width=\"412\" height=\"543\" src=\"https:\/\/rupailaf.cl\/wp-content\/uploads\/2023\/04\/Roxana-Miranda-Rupailaf-003.jpg\" class=\"attachment-full size-full\" alt=\"\" decoding=\"async\" loading=\"lazy\" srcset=\"https:\/\/rupailaf.cl\/wp-content\/uploads\/2023\/04\/Roxana-Miranda-Rupailaf-003.jpg 412w, https:\/\/rupailaf.cl\/wp-content\/uploads\/2023\/04\/Roxana-Miranda-Rupailaf-003-228x300.jpg 228w\" sizes=\"(max-width: 412px) 100vw, 412px\" \/><\/a><\/div><div class=\"description\"><a href=\"https:\/\/rupailaf.cl\/index.php\/2023\/04\/15\/las-tentaciones-de-eva-2003\/\" title=\"Las Tentaciones de Eva (2003)\" target=\"\"><h3>LAS TENTACIONES DE EVA<\/h3><\/a><p>(2003)<\/p><\/div><\/div><\/div><\/div><\/section><!-- Section Features end -->[\/vc_column][\/vc_row][vc_row][vc_column]<!-- Section gallery --><section id=\"gallery\" class=\"gallery with-bg vc_custom_1682021359487\"><div class=\"section-header\"><h2 class=\"wow fadeInUp\" data-wow-delay=\".2s\">Roxana<\/h2><span class=\"wow fadeInUp\" data-wow-delay=\".4s\">Repito este mi rezo<br \/>\npor si vienes.\nAqu\u00ed, frente a las olas<br \/>\nme arrodillo.<\/span><\/div><div class=\"section-content container\"><!-- Carousel --><div class=\"gallery-slide\"><div class=\"item\"><img src=\"https:\/\/rupailaf.cl\/wp-content\/uploads\/2023\/04\/Roxana_Miranda_Rupailaf_Chile.jpeg\" alt=\"gallery\" \/><\/div><div class=\"item\"><img src=\"https:\/\/rupailaf.cl\/wp-content\/uploads\/2023\/04\/Roxana_Miranda_Rupailaf_Chile_Osorno.jpeg\" alt=\"gallery\" \/><\/div><div class=\"item\"><img src=\"https:\/\/rupailaf.cl\/wp-content\/uploads\/2023\/04\/Roxana_Miranda_Rupailaf_Chile_Los_lagos.jpeg\" alt=\"gallery\" \/><\/div><div class=\"item\"><img src=\"https:\/\/rupailaf.cl\/wp-content\/uploads\/2023\/04\/Roxana_Miranda_Rupailaf_Chile_Mapu.jpeg\" alt=\"gallery\" \/><\/div><div class=\"item\"><img src=\"https:\/\/rupailaf.cl\/wp-content\/uploads\/2023\/04\/Roxana_Miranda_Rupailaf_Chaurakawin.jpeg\" alt=\"gallery\" \/><\/div><\/div><!-- Carousel end --><div id=\"gallery-dots\"><\/div><\/div><\/section><!-- Section gallery end -->[\/vc_column][\/vc_row][vc_row][vc_column]<!-- Section Contact --><section id=\"contact\" class=\"contact vc_custom_1682021383454\"><div class=\"section-header\"><h2 class=\"wow \" data-wow-delay=\".2s\">cont\u00e1ctame<\/h2><span class=\"wow \" data-wow-delay=\".4s\">yo misma revisar\u00e9 tu mensaje lo antes posible.<\/span><\/div><div class=\"container contact-container\"><p class=\"contact-extra wow \" data-wow-delay=\".6s\">recuerda que tambi\u00e9n puedes escribirme a: roxana@rupailaf.cl<\/p><!-- Contact Form -->\n<div class=\"wpcf7 no-js\" id=\"wpcf7-f9-o1\" lang=\"en\" dir=\"ltr\">\n<div class=\"screen-reader-response\"><p role=\"status\" aria-live=\"polite\" aria-atomic=\"true\"><\/p> <ul><\/ul><\/div>\n<form action=\"\/index.php\/wp-json\/wp\/v2\/pages\/77#wpcf7-f9-o1\" method=\"post\" class=\"wpcf7-form init\" aria-label=\"Contact form\" novalidate=\"novalidate\" data-status=\"init\">\n<div style=\"display: none;\">\n<input type=\"hidden\" name=\"_wpcf7\" value=\"9\" \/>\n<input type=\"hidden\" name=\"_wpcf7_version\" value=\"5.8.7\" \/>\n<input type=\"hidden\" name=\"_wpcf7_locale\" value=\"en\" \/>\n<input type=\"hidden\" name=\"_wpcf7_unit_tag\" value=\"wpcf7-f9-o1\" \/>\n<input type=\"hidden\" name=\"_wpcf7_container_post\" value=\"0\" \/>\n<input type=\"hidden\" name=\"_wpcf7_posted_data_hash\" value=\"\" \/>\n<\/div>\n<div id=\"contact_form\">\n\t<div class=\"row\">\n\t\t<div class=\"col-md-4 col-sm-4 col-xs-12 wow fadeInUp\" data-wow-delay=\".2s\">\n\t\t\t<div class=\"form-group\">\n\t\t\t\t<p><span class=\"wpcf7-form-control-wrap\" data-name=\"contact_name\"><input size=\"40\" class=\"wpcf7-form-control wpcf7-text wpcf7-validates-as-required form-control\" id=\"contact_name\" aria-required=\"true\" aria-invalid=\"false\" placeholder=\"Tu Nombre\" value=\"\" type=\"text\" name=\"contact_name\" \/><\/span>\n\t\t\t\t<\/p>\n\t\t\t<\/div>\n\t\t<\/div>\n\t\t<div class=\"col-md-4 col-sm-4 col-xs-12 wow fadeInUp\" data-wow-delay=\".4s\">\n\t\t\t<div class=\"form-group\">\n\t\t\t\t<p><span class=\"wpcf7-form-control-wrap\" data-name=\"contact_email\"><input size=\"40\" class=\"wpcf7-form-control wpcf7-email wpcf7-validates-as-required wpcf7-text wpcf7-validates-as-email form-control\" id=\"contact_email\" aria-required=\"true\" aria-invalid=\"false\" placeholder=\"Tu Email\" value=\"\" type=\"email\" name=\"contact_email\" \/><\/span>\n\t\t\t\t<\/p>\n\t\t\t<\/div>\n\t\t<\/div>\n\t\t<div class=\"col-md-4 col-sm-4 col-xs-12 wow fadeInUp\" data-wow-delay=\".6s\">\n\t\t\t<div class=\"form-group\">\n\t\t\t\t<p><span class=\"wpcf7-form-control-wrap\" data-name=\"contact_subject\"><input size=\"40\" class=\"wpcf7-form-control wpcf7-text wpcf7-validates-as-required form-control\" id=\"contact_subject\" aria-required=\"true\" aria-invalid=\"false\" placeholder=\"Asunto\" value=\"\" type=\"text\" name=\"contact_subject\" \/><\/span>\n\t\t\t\t<\/p>\n\t\t\t<\/div>\n\t\t<\/div>\n\t\t<div class=\"col-md-12 col-sm-12 col-xs-12 wow fadeInUp\" data-wow-delay=\".8s\">\n\t\t\t<div class=\"form-group\">\n\t\t\t\t<p><span class=\"wpcf7-form-control-wrap\" data-name=\"contact_message\"><textarea cols=\"40\" rows=\"10\" class=\"wpcf7-form-control wpcf7-textarea wpcf7-validates-as-required form-control\" id=\"contact_message\" aria-required=\"true\" aria-invalid=\"false\" placeholder=\"Mensaje\" name=\"contact_message\"><\/textarea><\/span>\n\t\t\t\t<\/p>\n\t\t\t<\/div>\n\t\t<\/div>\n\t<\/div>\n\t<p><input class=\"wpcf7-form-control wpcf7-submit has-spinner btn-contact wow bounceIn\" id=\"contact_submit\" type=\"submit\" value=\"ENVIAR\" \/>\n\t<\/p>\n<\/div><div class=\"wpcf7-response-output\" aria-hidden=\"true\"><\/div>\n<\/form>\n<\/div>\n<!-- Contact Form end --><\/div><\/section><!-- Section Contact end -->[\/vc_column][\/vc_row][vc_row][vc_column]<!-- Section Subscribe --><section id=\"subscribe\" class=\"subscribe-half-right subscribe with-bg\"><div class=\"section-content container\"><div class=\"row\"><div class=\"col-md-4 col-sm-12 col-xs-12\"><h2 class=\"wow none\" data-wow-delay=\".2s\">Suscribete para m\u00e1s informaci\u00f3n.<\/h2><p class=\"wow none\" data-wow-delay=\".4s\">No env\u00edo spam, solo literatura.<\/p><\/div><div class=\"col-md-8 col-sm-12 col-xs-12\">\n<div class=\"wpcf7 no-js\" id=\"wpcf7-f12-o2\" lang=\"en\" dir=\"ltr\">\n<div class=\"screen-reader-response\"><p role=\"status\" aria-live=\"polite\" aria-atomic=\"true\"><\/p> <ul><\/ul><\/div>\n<form action=\"\/index.php\/wp-json\/wp\/v2\/pages\/77#wpcf7-f12-o2\" method=\"post\" class=\"wpcf7-form init\" aria-label=\"Contact form\" novalidate=\"novalidate\" data-status=\"init\">\n<div style=\"display: none;\">\n<input type=\"hidden\" name=\"_wpcf7\" value=\"12\" \/>\n<input type=\"hidden\" name=\"_wpcf7_version\" value=\"5.8.7\" \/>\n<input type=\"hidden\" name=\"_wpcf7_locale\" value=\"en\" \/>\n<input type=\"hidden\" name=\"_wpcf7_unit_tag\" value=\"wpcf7-f12-o2\" \/>\n<input type=\"hidden\" name=\"_wpcf7_container_post\" value=\"0\" \/>\n<input type=\"hidden\" name=\"_wpcf7_posted_data_hash\" value=\"\" \/>\n<\/div>\n<div id=\"subscribe_form\">\n\t<div class=\"row\">\n\t\t<div class=\"col-md-4 col-sm-4 col-xs-12 wow fadeInUp\" data-wow-delay=\".2s\">\n\t\t\t<div class=\"form-group\">\n\t\t\t\t<p><span class=\"wpcf7-form-control-wrap\" data-name=\"Name\"><input size=\"40\" class=\"wpcf7-form-control wpcf7-text wpcf7-validates-as-required form-sub\" id=\"subscribe_name\" aria-required=\"true\" aria-invalid=\"false\" placeholder=\"Tu nombre\" value=\"\" type=\"text\" name=\"Name\" \/><\/span>\n\t\t\t\t<\/p>\n\t\t\t<\/div>\n\t\t<\/div>\n\t\t<div class=\"col-md-4 col-sm-4 col-xs-12 wow fadeInUp\" data-wow-delay=\".4s\">\n\t\t\t<div class=\"form-group\">\n\t\t\t\t<p><span class=\"wpcf7-form-control-wrap\" data-name=\"SubEmail\"><input size=\"40\" class=\"wpcf7-form-control wpcf7-email wpcf7-validates-as-required wpcf7-text wpcf7-validates-as-email form-sub\" id=\"subscribe_email\" aria-required=\"true\" aria-invalid=\"false\" placeholder=\"Tu Email\" value=\"\" type=\"email\" name=\"SubEmail\" \/><\/span>\n\t\t\t\t<\/p>\n\t\t\t<\/div>\n\t\t<\/div>\n\t\t<div class=\"col-md-4 col-sm-4 col-xs-12 wow fadeInUp\" data-wow-delay=\".6s\">\n\t\t\t<p><input class=\"wpcf7-form-control wpcf7-submit has-spinner btn-sub\" id=\"subscribe_submit\" type=\"submit\" value=\"Suscribirse\" \/>\n\t\t\t<\/p>\n\t\t<\/div>\n\t<\/div>\n<\/div><div class=\"wpcf7-response-output\" aria-hidden=\"true\"><\/div>\n<\/form>\n<\/div>\n<\/div><\/div><\/div><\/section><!-- Section Subscribe end -->[\/vc_column][\/vc_row]<\/p>\n<\/section>","protected":false},"excerpt":{"rendered":"<p>[vc_row][vc_column][\/vc_column][\/vc_row][vc_row][vc_column css_animation=&#8221;none&#8221;][vc_empty_space][vc_icon icon_fontawesome=&#8221;fab fa-instagram&#8221; color=&#8221;white&#8221; background_style=&#8221;rounded&#8221; background_color=&#8221;turquoise&#8221; size=&#8221;lg&#8221; align=&#8221;center&#8221; css_animation=&#8221;fadeInLeft&#8221; link=&#8221;url:https%3A%2F%2Fwww.instagram.com%2Froxanamiranda353|target:_blank&#8221;][vc_icon icon_fontawesome=&#8221;fab fa-facebook-f&#8221; color=&#8221;white&#8221; background_style=&#8221;rounded&#8221; background_color=&#8221;turquoise&#8221; size=&#8221;lg&#8221; align=&#8221;center&#8221; css_animation=&#8221;fadeInRight&#8221; link=&#8221;url:https%3A%2F%2Fwww.facebook.com%2Froxana.rupailaf|target:_blank&#8221;][\/vc_column][\/vc_row][vc_row css=&#8221;.vc_custom_1681662553093{background-color: #ffffff !important;}&#8221;][vc_column][vc_empty_space][vc_column_text css_animation=&#8221;none&#8221; css=&#8221;.vc_custom_1681928812922{margin-right: 10px !important;margin-left: 10px !important;border-right-width: 10px !important;border-left-width: 10px !important;padding-right: 10px !important;padding-left: 10px !important;}&#8221;] Profesora de Lengua Castellana y Comunicaci\u00f3n de la Universidad de Los Lagos, Chile. Mag\u00edster en Literatura Hispanoamericana Contempor\u00e1nea [&hellip;]<\/p>\n","protected":false},"author":1,"featured_media":0,"parent":0,"menu_order":0,"comment_status":"closed","ping_status":"closed","template":"one-page-template.php","meta":[],"_links":{"self":[{"href":"https:\/\/rupailaf.cl\/index.php\/wp-json\/wp\/v2\/pages\/77"}],"collection":[{"href":"https:\/\/rupailaf.cl\/index.php\/wp-json\/wp\/v2\/pages"}],"about":[{"href":"https:\/\/rupailaf.cl\/index.php\/wp-json\/wp\/v2\/types\/page"}],"author":[{"embeddable":true,"href":"https:\/\/rupailaf.cl\/index.php\/wp-json\/wp\/v2\/users\/1"}],"replies":[{"embeddable":true,"href":"https:\/\/rupailaf.cl\/index.php\/wp-json\/wp\/v2\/comments?post=77"}],"version-history":[{"count":131,"href":"https:\/\/rupailaf.cl\/index.php\/wp-json\/wp\/v2\/pages\/77\/revisions"}],"predecessor-version":[{"id":681,"href":"https:\/\/rupailaf.cl\/index.php\/wp-json\/wp\/v2\/pages\/77\/revisions\/681"}],"wp:attachment":[{"href":"https:\/\/rupailaf.cl\/index.php\/wp-json\/wp\/v2\/media?parent=77"}],"curies":[{"name":"wp","href":"https:\/\/api.w.org\/{rel}","templated":true}]}}