{"id":559,"date":"2023-04-16T23:51:09","date_gmt":"2023-04-17T03:51:09","guid":{"rendered":"https:\/\/rupailaf.cl\/?page_id=559"},"modified":"2023-04-20T13:44:51","modified_gmt":"2023-04-20T17:44:51","slug":"audiovisuales","status":"publish","type":"page","link":"https:\/\/rupailaf.cl\/index.php\/audiovisuales\/","title":{"rendered":"AUDIOVISUALES"},"content":{"rendered":"<section class=\"wpb-content-wrapper\"><p>[vc_row][vc_column][vc_video link=&#8221;https:\/\/vimeo.com\/396352438&#8243;][vc_video link=&#8221;https:\/\/www.youtube.com\/watch?v=1U45USLHz28&#8243;][vc_video link=&#8221;https:\/\/www.youtube.com\/watch?v=JE9Bbj39UY0&#8243;][vc_video link=&#8221;https:\/\/www.youtube.com\/watch?v=eoJMzhLbUaQ&#8221;][vc_video link=&#8221;https:\/\/www.youtube.com\/watch?v=3jRo1Wa6pfM&#038;t=15s&#8221;][vc_video link=&#8221;https:\/\/www.youtube.com\/watch?v=ffvJUxtzAtM&#8221;][vc_video link=&#8221;https:\/\/www.youtube.com\/watch?v=NtEnmMViqR8&#038;t=50s&#8221;][vc_video link=&#8221;https:\/\/www.youtube.com\/watch?v=5v9WnD4MLGo&#8221;][vc_video link=&#8221;https:\/\/www.youtube.com\/watch?v=saaZNiiMLTA&#8221;][vc_video link=&#8221;https:\/\/www.youtube.com\/watch?v=cEkDE3gTkGU&#038;t=606s&#8221;][vc_video link=&#8221;https:\/\/www.youtube.com\/watch?v=k50aw01vlCE&#038;t=16s&#8221;][vc_video link=&#8221;https:\/\/www.youtube.com\/watch?v=SjQhKdE29hU&#8221;][vc_video link=&#8221;https:\/\/www.youtube.com\/watch?v=7hz_ZgA58L8&#8243;][vc_video link=&#8221;https:\/\/www.youtube.com\/watch?v=H54CI4QaqG4&#8243;][\/vc_column][\/vc_row][vc_row][vc_column][vc_column_text]<\/p>\n<p style=\"text-align: center;\"><a href=\"https:\/\/rupailaf.cl\/#subscribe\">Pr\u00f3ximamente m\u00e1s info &#8230; suscr\u00edbete aqu\u00ed para estar atent@<\/a><\/p>\n<p>[\/vc_column_text][\/vc_column][\/vc_row]<\/p>\n<\/section>","protected":false},"excerpt":{"rendered":"<p>[vc_row][vc_column][vc_video link=&#8221;https:\/\/vimeo.com\/396352438&#8243;][vc_video link=&#8221;https:\/\/www.youtube.com\/watch?v=1U45USLHz28&#8243;][vc_video link=&#8221;https:\/\/www.youtube.com\/watch?v=JE9Bbj39UY0&#8243;][vc_video link=&#8221;https:\/\/www.youtube.com\/watch?v=eoJMzhLbUaQ&#8221;][vc_video link=&#8221;https:\/\/www.youtube.com\/watch?v=3jRo1Wa6pfM&#038;t=15s&#8221;][vc_video link=&#8221;https:\/\/www.youtube.com\/watch?v=ffvJUxtzAtM&#8221;][vc_video link=&#8221;https:\/\/www.youtube.com\/watch?v=NtEnmMViqR8&#038;t=50s&#8221;][vc_video link=&#8221;https:\/\/www.youtube.com\/watch?v=5v9WnD4MLGo&#8221;][vc_video link=&#8221;https:\/\/www.youtube.com\/watch?v=saaZNiiMLTA&#8221;][vc_video link=&#8221;https:\/\/www.youtube.com\/watch?v=cEkDE3gTkGU&#038;t=606s&#8221;][vc_video link=&#8221;https:\/\/www.youtube.com\/watch?v=k50aw01vlCE&#038;t=16s&#8221;][vc_video link=&#8221;https:\/\/www.youtube.com\/watch?v=SjQhKdE29hU&#8221;][vc_video link=&#8221;https:\/\/www.youtube.com\/watch?v=7hz_ZgA58L8&#8243;][vc_video link=&#8221;https:\/\/www.youtube.com\/watch?v=H54CI4QaqG4&#8243;][\/vc_column][\/vc_row][vc_row][vc_column][vc_column_text] Pr\u00f3ximamente m\u00e1s info &#8230; suscr\u00edbete aqu\u00ed para estar atent@ [\/vc_column_text][\/vc_column][\/vc_row]<\/p>\n","protected":false},"author":1,"featured_media":0,"parent":0,"menu_order":0,"comment_status":"closed","ping_status":"closed","template":"","meta":[],"_links":{"self":[{"href":"https:\/\/rupailaf.cl\/index.php\/wp-json\/wp\/v2\/pages\/559"}],"collection":[{"href":"https:\/\/rupailaf.cl\/index.php\/wp-json\/wp\/v2\/pages"}],"about":[{"href":"https:\/\/rupailaf.cl\/index.php\/wp-json\/wp\/v2\/types\/page"}],"author":[{"embeddable":true,"href":"https:\/\/rupailaf.cl\/index.php\/wp-json\/wp\/v2\/users\/1"}],"replies":[{"embeddable":true,"href":"https:\/\/rupailaf.cl\/index.php\/wp-json\/wp\/v2\/comments?post=559"}],"version-history":[{"count":26,"href":"https:\/\/rupailaf.cl\/index.php\/wp-json\/wp\/v2\/pages\/559\/revisions"}],"predecessor-version":[{"id":638,"href":"https:\/\/rupailaf.cl\/index.php\/wp-json\/wp\/v2\/pages\/559\/revisions\/638"}],"wp:attachment":[{"href":"https:\/\/rupailaf.cl\/index.php\/wp-json\/wp\/v2\/media?parent=559"}],"curies":[{"name":"wp","href":"https:\/\/api.w.org\/{rel}","templated":true}]}}